{"id":2050,"date":"2020-10-06T10:27:33","date_gmt":"2020-10-06T08:27:33","guid":{"rendered":"https:\/\/emrolab.htwsaar.de\/?page_id=2050"},"modified":"2020-10-06T11:15:37","modified_gmt":"2020-10-06T09:15:37","slug":"prof-dr-ing-steffen-knapp","status":"publish","type":"page","link":"https:\/\/emrolab.htwsaar.de\/index.php\/prof-dr-ing-steffen-knapp\/","title":{"rendered":"Prof. Dr.-Ing. Steffen Knapp"},"content":{"rendered":"<p><a href=\"https:\/\/www.htwsaar.de\/en\" data-rich-text-format-boundary=\"true\">htw saar &#8211; Saarland University of Applied Sciences<\/a><br data-rich-text-line-break=\"true\" \/>Goebenstr. 40<br data-rich-text-line-break=\"true\" \/>66117 Saarbruecken<\/p>\n<p>Office 4105<br data-rich-text-line-break=\"true\" \/>+49 (0)681 5867 &#8211; 99105<br data-rich-text-line-break=\"true\" \/>steffen.knapp (at) htwsaar.de<\/p>\n\n<h6>\u00a0<\/h6>\n\n\n<div class=\"wp-block-group\"><div class=\"wp-block-group__inner-container is-layout-flow wp-block-group-is-layout-flow\">\n<h6>Research<\/h6>\n<p>\u00a0<\/p>\n\n\n\n<h6>Research &amp; Development Projects<\/h6>\n<p><\/p>\n\n\n\n<h6>Teaching<\/h6>\n<ul>\n<li><strong>Summer Term 2020<\/strong>\n<ul>\n<li>Operating Systems<\/li>\n<li>Computer Architectures<\/li>\n<\/ul>\n<\/li>\n<\/ul>\n\n\n\n<p><\/p>\n<\/div><\/div>\n\n\n<h6>Publications<\/h6>\n<p><strong>2019<\/strong><\/p>\n<ul>\n<li>Daniel Bischoff, Harald Berninger, Steffen Knapp, Tobias Meuser, Bj\u00f6rn Richerzhagen, Lars H\u00e4ring, Andreas Czylwik.&nbsp;<em>Safety-relevant V2X Beaconing in Realistic and Scalable Heterogeneous Radio Propagation Fading Channels.<\/em> VEHITS 2019.\n<\/li>\n<li>Florian Jomrich, Daniel Bischoff, Steffen Knapp, Tobias Meuser, Bj\u00f6rn Richerzhagen, Ralf Steinmetz.&nbsp;<em>Lane Accurate Detection of Map Changes based on Low Cost Smartphone Data.<\/em> VEHITS 2019.<\/li>\n<\/ul>\n<hr>\n<p><strong>2018<\/strong><\/p>\n<ul>\n<li>Florian Jomrich, Florian Fischer, Steffen Knapp, Tobias Meuser, Bj\u00f6rn Richerzhagen, Ralf Steinmetz.<em>&nbsp;Enhanced Cellular Bandwidth Prediction for Highly Automated Driving.<\/em> SMARTGREENS\/VEHITS (Selected Papers) 2018.\n<\/li>\n<li>Florian Jomrich, Josef Schmid, Steffen Knapp, Alfred H\u00f6\u00df, Ralf Steinmetz, Bj\u00f6rn W. Schuller.&nbsp;<em>Analysing communication requirements for crowd sourced backend generation of HD Maps used in automated driving.<\/em> VNC 2018.<\/li>\n<\/ul>\n<hr>\n<p><strong>2008<\/strong><\/p>\n<ul>\n<li>Steffen Knapp.&nbsp;<em>The correctness of a distributed real-time system.<\/em> Saarland University, 2008.\n<\/li>\n<li>Jewgenij Botaschanjan, Manfred Broy, Alexander Gruler, Alexander Harhurin, Steffen Knapp, Leonid Kof, Wolfgang J. Paul, Maria Spichkova.&nbsp;<em>On the correctness of upper layers of automotive systems.<\/em> Formal Aspects Comput. 20(6) 2008.\n<\/li>\n<li>Steffen Knapp.&nbsp;<em>Pervasive Layered Verification of a Distributed Real-Time System.<\/em> ICONS 2008.\n<\/li>\n<li>Eyad Alkassar, Peter B\u00f6hm, Steffen Knapp.&nbsp;<em>Formal Correctness of an Automotive Bus Controller Implementation at Gate-Level.<\/em> DIPES 2008.\n<\/li>\n<li>Eyad Alkassar, Peter B\u00f6hm, Steffen Knapp.&nbsp;<em>Correctness of a Fault-Tolerant Real-Time Scheduler and its Hardware Implementation.<\/em> MEMOCODE 2008.<\/li>\n<\/ul>\n<hr>\n<p><strong>2007<\/strong><\/p>\n<ul>\n<li>Eyad Alkassar, Mark A. Hillebrand, Steffen Knapp, Rostislav Rusev, Sergey Tverdyshev.&nbsp;<em>Formal Device and Programming Model for a Serial Interface.<\/em> VERIFY 2007.<\/li>\n<\/ul>\n<hr>\n<p><strong>2006<\/strong><\/p>\n<ul>\n<li>Steffen Knapp, Wolfgang J. Paul.&nbsp;<em>Realistic Worst-Case Execution Time Analysis in the Context of Pervasive System Verification.<\/em> Program Analysis and Compilation 2006.<\/li>\n<\/ul>\n<hr>\n<p><strong>2005<\/strong><\/p>\n<ul>\n<li>Sven Beyer, Peter B\u00f6hm, Michael Gerke, Mark A. Hillebrand, Thomas In der Rieden, Steffen Knapp, Dirk Leinenbach, Wolfgang J. Paul. <em>Towards the Formal Verification of Lower System Layers in Automotive Systems.<\/em> ICCD 2005.<\/li>\n<\/ul>\n\n\n<p><\/p>\n","protected":false},"excerpt":{"rendered":"<p>htw saar &#8211; Saarland University of Applied SciencesGoebenstr. 4066117 Saarbruecken Office 4105+49 (0)681 5867 &#8211; 99105steffen.knapp (at) htwsaar.de \u00a0 Research \u00a0 Research &amp; Development Projects Teaching Summer Term 2020 Operating Systems Computer Architectures Publications 2019 Daniel Bischoff, Harald Berninger, Steffen<\/p>\n","protected":false},"author":20,"featured_media":0,"parent":0,"menu_order":0,"comment_status":"closed","ping_status":"closed","template":"","meta":{"footnotes":""},"class_list":["post-2050","page","type-page","status-publish","hentry"],"_links":{"self":[{"href":"https:\/\/emrolab.htwsaar.de\/index.php\/wp-json\/wp\/v2\/pages\/2050","targetHints":{"allow":["GET"]}}],"collection":[{"href":"https:\/\/emrolab.htwsaar.de\/index.php\/wp-json\/wp\/v2\/pages"}],"about":[{"href":"https:\/\/emrolab.htwsaar.de\/index.php\/wp-json\/wp\/v2\/types\/page"}],"author":[{"embeddable":true,"href":"https:\/\/emrolab.htwsaar.de\/index.php\/wp-json\/wp\/v2\/users\/20"}],"replies":[{"embeddable":true,"href":"https:\/\/emrolab.htwsaar.de\/index.php\/wp-json\/wp\/v2\/comments?post=2050"}],"version-history":[{"count":20,"href":"https:\/\/emrolab.htwsaar.de\/index.php\/wp-json\/wp\/v2\/pages\/2050\/revisions"}],"predecessor-version":[{"id":2081,"href":"https:\/\/emrolab.htwsaar.de\/index.php\/wp-json\/wp\/v2\/pages\/2050\/revisions\/2081"}],"wp:attachment":[{"href":"https:\/\/emrolab.htwsaar.de\/index.php\/wp-json\/wp\/v2\/media?parent=2050"}],"curies":[{"name":"wp","href":"https:\/\/api.w.org\/{rel}","templated":true}]}}