{"id":2220,"date":"2022-02-24T14:30:47","date_gmt":"2022-02-24T13:30:47","guid":{"rendered":"https:\/\/emrolab.htwsaar.de\/?page_id=2220"},"modified":"2026-03-18T22:32:27","modified_gmt":"2026-03-18T21:32:27","slug":"cobotixlab","status":"publish","type":"page","link":"https:\/\/emrolab.htwsaar.de\/index.php\/cobotixlab\/","title":{"rendered":"Cobotix Lab Saar"},"content":{"rendered":"\n<figure class=\"wp-block-image size-large\"><img loading=\"lazy\" decoding=\"async\" width=\"474\" height=\"1024\" src=\"https:\/\/emrolab.htwsaar.de\/wp-content\/uploads\/2022\/02\/cobotix-474x1024.jpg\" alt=\"\" class=\"wp-image-2227\" srcset=\"https:\/\/emrolab.htwsaar.de\/wp-content\/uploads\/2022\/02\/cobotix-474x1024.jpg 474w, https:\/\/emrolab.htwsaar.de\/wp-content\/uploads\/2022\/02\/cobotix-139x300.jpg 139w, https:\/\/emrolab.htwsaar.de\/wp-content\/uploads\/2022\/02\/cobotix-768x1657.jpg 768w, https:\/\/emrolab.htwsaar.de\/wp-content\/uploads\/2022\/02\/cobotix-712x1536.jpg 712w, https:\/\/emrolab.htwsaar.de\/wp-content\/uploads\/2022\/02\/cobotix-949x2048.jpg 949w, https:\/\/emrolab.htwsaar.de\/wp-content\/uploads\/2022\/02\/cobotix-scaled.jpg 1186w\" sizes=\"auto, (max-width: 474px) 100vw, 474px\" \/><\/figure>\n\n\n\n<p><strong>Robotikplattform des Cobotix Lab Saar<\/strong><\/p>\n\n\n\n<p>Das Cobotix Lab Saar bietet Berufsschulen und weiterf\u00fchrenden Schulen die M\u00f6glichkeit, Inhalte aus dem Bereich der kollaborativen Robotik in den Unterricht zu integrieren. Die gezeigte Robotikplattform dient dabei als Grundlage f\u00fcr die Einarbeitung in Themenbereiche wie die Ansteuerung der Roboter und die funktionale Sicherheit von Industrierobotern.&nbsp;<\/p>\n\n\n\n<p>Das Cobotix Lab Saar ist Teil des Testfelds Digitalisierung an der htw saar und am Embedded Robotics Lab (EmRoLab) angegliedert. Das Angebot umfasst Fortbildungen, in denen Lehrkr\u00e4fte in die Lage versetzt werden, diese Themen im Unterricht aufzuarbeiten, um anschlie\u00dfend mit ihren Sch\u00fclerinnen und Sch\u00fclern eigene Projekte am realen Roboter umsetzen zu k\u00f6nnen.<\/p>\n\n\n\n<p>In unseren Cobotix Lab Saar verwenden wir die Simulationssoftware RoboDK.<\/p>\n\n\n\n<p><\/p>\n\n\n\n<figure class=\"wp-block-image alignleft size-full is-resized\"><img loading=\"lazy\" decoding=\"async\" width=\"220\" height=\"60\" src=\"https:\/\/emrolab.htwsaar.de\/wp-content\/uploads\/2026\/03\/grafik.png\" alt=\"\" class=\"wp-image-2852\" style=\"width:183px;height:auto\"\/><\/figure>\n\n\n\n<p><\/p>\n","protected":false},"excerpt":{"rendered":"<p>Robotikplattform des Cobotix Lab Saar Das Cobotix Lab Saar bietet Berufsschulen und weiterf\u00fchrenden Schulen die M\u00f6glichkeit, Inhalte aus dem Bereich der kollaborativen Robotik in den Unterricht zu integrieren. Die gezeigte Robotikplattform dient dabei als Grundlage f\u00fcr die Einarbeitung in Themenbereiche<\/p>\n","protected":false},"author":20,"featured_media":0,"parent":0,"menu_order":0,"comment_status":"closed","ping_status":"closed","template":"","meta":{"footnotes":""},"class_list":["post-2220","page","type-page","status-publish","hentry"],"_links":{"self":[{"href":"https:\/\/emrolab.htwsaar.de\/index.php\/wp-json\/wp\/v2\/pages\/2220","targetHints":{"allow":["GET"]}}],"collection":[{"href":"https:\/\/emrolab.htwsaar.de\/index.php\/wp-json\/wp\/v2\/pages"}],"about":[{"href":"https:\/\/emrolab.htwsaar.de\/index.php\/wp-json\/wp\/v2\/types\/page"}],"author":[{"embeddable":true,"href":"https:\/\/emrolab.htwsaar.de\/index.php\/wp-json\/wp\/v2\/users\/20"}],"replies":[{"embeddable":true,"href":"https:\/\/emrolab.htwsaar.de\/index.php\/wp-json\/wp\/v2\/comments?post=2220"}],"version-history":[{"count":8,"href":"https:\/\/emrolab.htwsaar.de\/index.php\/wp-json\/wp\/v2\/pages\/2220\/revisions"}],"predecessor-version":[{"id":2855,"href":"https:\/\/emrolab.htwsaar.de\/index.php\/wp-json\/wp\/v2\/pages\/2220\/revisions\/2855"}],"wp:attachment":[{"href":"https:\/\/emrolab.htwsaar.de\/index.php\/wp-json\/wp\/v2\/media?parent=2220"}],"curies":[{"name":"wp","href":"https:\/\/api.w.org\/{rel}","templated":true}]}}