{"id":332,"date":"2017-04-10T17:54:44","date_gmt":"2017-04-10T15:54:44","guid":{"rendered":"http:\/\/emrolab.htw-saarland.de\/?page_id=332"},"modified":"2025-03-24T12:37:05","modified_gmt":"2025-03-24T11:37:05","slug":"forschungsprojekte","status":"publish","type":"page","link":"https:\/\/emrolab.htwsaar.de\/index.php\/feeul-projekte\/forschungsprojekte\/","title":{"rendered":"Forschungsprojekte"},"content":{"rendered":"\n<figure class=\"wp-block-table aligncenter\"><table><tbody><tr><td class=\"has-text-align-center\" data-align=\"center\"><a href=\"https:\/\/www.bmbf.de\/bmbf\/de\/home\/home_node.html\" target=\"_blank\" rel=\"noreferrer noopener\"><img loading=\"lazy\" decoding=\"async\" width=\"200\" height=\"139\" class=\"wp-image-247\" style=\"width: 200px;\" src=\"https:\/\/emrolab.htwsaar.de\/wp-content\/uploads\/2016\/08\/BMBF.png\" alt=\"\"><\/a><\/td><td class=\"has-text-align-left\" data-align=\"left\"><strong>BMBF-FZ: 13FH630KX1<\/strong><br><em>ResCom: Ressourcensensitive Kommunikation f\u00fcr multimodale Mensch-Maschine-Schnittstellen&nbsp;in Industrie-4.0-Szenarien<\/em><br>2023 &#8211; 2027<br>Leitung: Prof. Dr. Steffen Knapp<\/td><\/tr><tr><td class=\"has-text-align-center\" data-align=\"center\"><a href=\"https:\/\/stiftung-mesaar.de\/stiftung-me-saar\" target=\"_blank\" rel=\"noreferrer noopener\"><img loading=\"lazy\" decoding=\"async\" width=\"200\" height=\"92\" class=\"wp-image-2302\" style=\"width: 200px;\" src=\"https:\/\/emrolab.htwsaar.de\/wp-content\/uploads\/2022\/05\/ME-Saar-Logo_ME-Saar-Stiftung.jpg\" alt=\"\" srcset=\"https:\/\/emrolab.htwsaar.de\/wp-content\/uploads\/2022\/05\/ME-Saar-Logo_ME-Saar-Stiftung.jpg 1125w, https:\/\/emrolab.htwsaar.de\/wp-content\/uploads\/2022\/05\/ME-Saar-Logo_ME-Saar-Stiftung-300x139.jpg 300w, https:\/\/emrolab.htwsaar.de\/wp-content\/uploads\/2022\/05\/ME-Saar-Logo_ME-Saar-Stiftung-1024x473.jpg 1024w, https:\/\/emrolab.htwsaar.de\/wp-content\/uploads\/2022\/05\/ME-Saar-Logo_ME-Saar-Stiftung-768x355.jpg 768w, https:\/\/emrolab.htwsaar.de\/wp-content\/uploads\/2022\/05\/ME-Saar-Logo_ME-Saar-Stiftung-750x350.jpg 750w, https:\/\/emrolab.htwsaar.de\/wp-content\/uploads\/2022\/05\/ME-Saar-Logo_ME-Saar-Stiftung-642x300.jpg 642w\" sizes=\"auto, (max-width: 200px) 100vw, 200px\" \/><\/a><\/td><td class=\"has-text-align-left\" data-align=\"left\"><strong>FZ: MESaar2022<\/strong><br><em>Testfeld Digitalisierung @ htw saar: Modellfabrik f\u00fcr Lehre, Forschung und Entwicklung am Beispiel des Lebenszyklus<br>von Batterien in Elektro-Fahrzeugen<\/em><br>2022 &#8211; 2027<br>Projektverantwortliche: Prof. Dr. Martina Lehser, Prof. Dr. Steffen Knapp, Prof. Dr. Dr. Strauss<\/td><\/tr><tr><td class=\"has-text-align-center\" data-align=\"center\"><a href=\"https:\/\/www.zim.de\" data-type=\"URL\" data-id=\"https:\/\/www.zim.de\" target=\"_blank\" rel=\"noreferrer noopener\"><img loading=\"lazy\" decoding=\"async\" width=\"200\" height=\"133\" class=\"wp-image-2253\" style=\"width: 200px;\" src=\"https:\/\/emrolab.htwsaar.de\/wp-content\/uploads\/2022\/05\/logo-zim-news.jpg\" alt=\"\" srcset=\"https:\/\/emrolab.htwsaar.de\/wp-content\/uploads\/2022\/05\/logo-zim-news.jpg 834w, https:\/\/emrolab.htwsaar.de\/wp-content\/uploads\/2022\/05\/logo-zim-news-300x200.jpg 300w, https:\/\/emrolab.htwsaar.de\/wp-content\/uploads\/2022\/05\/logo-zim-news-768x512.jpg 768w\" sizes=\"auto, (max-width: 200px) 100vw, 200px\" \/><\/a><\/td><td class=\"has-text-align-left\" data-align=\"left\"><strong>ZIM-FZ: 16KN<\/strong>090820<br><em>Entwicklung eines mobilen Koordinations- und Belastungssimulators  zur robotischen Therapieunterst\u00fctzung in der Fr\u00fchmobilisation schwer betroffener Patienten<\/em> &#8211; <em>COBUS: Coordination Burden Simulator<\/em><br>2021 &#8211; 2024<br>Leitung Teilprojekt Software-Plattform: Prof. Dr. Martina Lehser<br>Verbundpartner: Universit\u00e4t des Saarlandes (Lehrstuhl f\u00fcr Antriebstechnik), htw saar (EmRoLab), Sch\u00f6n Klinik Bad Aibling Harthausen, Reha &amp; Medi Hoffmann GmbH, Wellgo Ger\u00e4tetechnik GmbH<\/td><\/tr><tr><td class=\"has-text-align-center\" data-align=\"center\"><a href=\"https:\/\/www.bmbf.de\/bmbf\/de\/home\/home_node.html\" target=\"_blank\" rel=\"noreferrer noopener\"><img loading=\"lazy\" decoding=\"async\" width=\"200\" height=\"139\" class=\"wp-image-247\" style=\"width: 200px;\" src=\"https:\/\/emrolab.htwsaar.de\/wp-content\/uploads\/2016\/08\/BMBF.png\" alt=\"\"><\/a><\/td><td class=\"has-text-align-left\" data-align=\"left\"><strong>BMBF-FZ: IN2016-1-897-15<\/strong><br><em>CaptainCluster: Cluster-Management und Unterst\u00fctzung zur Smart-Service-Implementierung<\/em><br>2017 &#8211; 2021<br>Leitung: Prof. Dr. Martina Lehser<\/td><\/tr><tr><td class=\"has-text-align-center\" data-align=\"center\"><a href=\"https:\/\/ec.europa.eu\/regional_policy\/de\/funding\/erdf\/\" target=\"_blank\" rel=\"noreferrer noopener\"><img loading=\"lazy\" decoding=\"async\" width=\"100\" height=\"68\" class=\"wp-image-249\" style=\"width: 100px;\" src=\"https:\/\/emrolab.htwsaar.de\/wp-content\/uploads\/2016\/08\/EFRE.png\" alt=\"\"><\/a><\/td><td class=\"has-text-align-left\" data-align=\"left\"><strong>EFRE-FZ<\/strong><br><em>Neuroergonomic Digital Factory Saar \u2013 Forschungs\u2013 und Entwicklungsplattform f\u00fcr eine menschzentrierte, neuroergonomische Mensch\u2013Maschine\u2013Kollaboration in der hochdigitalisierten Produktion<\/em><br>Leitung&nbsp;Neurotechnologie: Prof. Dr. Dr. Strauss, Leitung Robotik: Prof. Dr. Lehser<br>2017 &#8211; 2020<\/td><\/tr><tr><td class=\"has-text-align-center\" data-align=\"center\"><a rel=\"noreferrer noopener\" href=\"https:\/\/mesaar.de\/\" target=\"_blank\"><img loading=\"lazy\" decoding=\"async\" width=\"200\" height=\"39\" class=\"wp-image-258\" style=\"width: 200px;\" src=\"https:\/\/emrolab.htwsaar.de\/wp-content\/uploads\/2016\/08\/Logo_ME_Saar.png\" alt=\"\"><\/a><\/td><td class=\"has-text-align-left\" data-align=\"left\"><strong>FZ: MESaar<\/strong><br><em>Testfeld Digitalisierung in der Produktion<\/em><br>2016 &#8211; 2022<br>Leitung: Prof. Dr. Martina Lehser<\/td><\/tr><tr><td class=\"has-text-align-center\" data-align=\"center\"><a rel=\"noreferrer noopener\" href=\"https:\/\/www.bmbf.de\/bmbf\/de\/home\/home_node.html\" data-type=\"URL\" data-id=\"https:\/\/www.bmbf.de\/bmbf\/de\/home\/home_node.html\" target=\"_blank\"><img loading=\"lazy\" decoding=\"async\" width=\"200\" height=\"139\" class=\"wp-image-247\" style=\"width: 200px;\" src=\"https:\/\/emrolab.htwsaar.de\/wp-content\/uploads\/2016\/08\/BMBF.png\" alt=\"\"><\/a><\/td><td class=\"has-text-align-left\" data-align=\"left\"><strong>BMBF-FZ: 16ES0407<\/strong><br><em>F\u00f6rdersysteme f\u00fcr sich selbst organisierende Warenstr\u00f6me und Produktionsprozesse<\/em><br>2016 &#8211; 2019<br>Verbundkoordinator: Prof. Dr. Matthias Nienhaus, Universit\u00e4t des Saarlandes<br>Leitung Teilprojekt Mobile Transportsysteme: Prof. Dr. Martina Lehser<br>Verbundpartner: Universit\u00e4t des Saarlandes (Lehrstuhl f\u00fcr Antriebstechnik), htw saar (EmRoLab), HighTec EDV-Systeme GmbH, Micronas GmbH, Wellgo Ger\u00e4tetechnik GmbH<\/td><\/tr><tr><td class=\"has-text-align-center\" data-align=\"center\"><a rel=\"noreferrer noopener\" href=\"https:\/\/www.bmbf.de\/bmbf\/de\/home\/home_node.html\" data-type=\"URL\" data-id=\"https:\/\/www.bmbf.de\/bmbf\/de\/home\/home_node.html\" target=\"_blank\"><img loading=\"lazy\" decoding=\"async\" width=\"200\" height=\"139\" class=\"wp-image-247\" style=\"width: 200px;\" src=\"https:\/\/emrolab.htwsaar.de\/wp-content\/uploads\/2016\/08\/BMBF.png\" alt=\"\"><\/a><\/td><td class=\"has-text-align-left\" data-align=\"left\"><strong>BMBF-FZ: 03FH004IN6<\/strong><br><em>Testfeld Digitalisierung in der Produktion @ htw saar<\/em><br>2016 &#8211; 2017<br>Leitung: Prof. Dr. Martina Lehser<\/td><\/tr><tr><td class=\"has-text-align-center\" data-align=\"center\"><a rel=\"noreferrer noopener\" href=\"https:\/\/saarland.de\" target=\"_blank\"><img loading=\"lazy\" decoding=\"async\" width=\"200\" height=\"67\" class=\"wp-image-246\" style=\"width: 200px;\" src=\"https:\/\/emrolab.htwsaar.de\/wp-content\/uploads\/2016\/08\/Saarland.jpg\" alt=\"\"><\/a><\/td><td class=\"has-text-align-left\" data-align=\"left\"><strong>Landesforschungsf\u00f6rderungsprogramm FZ: WT\/2-LFFP 15\/14<\/strong><br><em>Human Mobility: Grundlegende Forschung zu Software- und Antriebstechnologien<\/em><br>2015 &#8211; 2018<br>Leitung: Prof. Dr. Martina Lehser<\/td><\/tr><tr><td class=\"has-text-align-center\" data-align=\"center\"><a rel=\"noreferrer noopener\" href=\"https:\/\/saarland.de\" target=\"_blank\"><img loading=\"lazy\" decoding=\"async\" width=\"200\" height=\"67\" class=\"wp-image-246\" style=\"width: 200px;\" src=\"https:\/\/emrolab.htwsaar.de\/wp-content\/uploads\/2016\/08\/Saarland.jpg\" alt=\"\"><\/a><\/td><td class=\"has-text-align-left\" data-align=\"left\"><strong><strong><strong>Landesforschungsf\u00f6rderungsprogramm FZ: T\/1-LFFP 14\/01<\/strong><br><\/strong><\/strong><em>CDI: Planung und Aufbau eines Chinesisch-Deutschen Instituts f\u00fcr anwendungs-orientierte Forschung und Entwicklung<\/em><br>2014 &#8211; 2016, verl\u00e4ngert bis 2017<br>Leitung: Prof. Dr. Martina Lehser<\/td><\/tr><tr><td class=\"has-text-align-center\" data-align=\"center\"><a href=\"https:\/\/www.bmbf.de\/bmbf\/de\/home\/home_node.html\" target=\"_blank\" rel=\"noreferrer noopener\"><img loading=\"lazy\" decoding=\"async\" width=\"200\" height=\"139\" class=\"wp-image-247\" style=\"width: 200px;\" src=\"https:\/\/emrolab.htwsaar.de\/wp-content\/uploads\/2016\/08\/BMBF.png\" alt=\"\"><\/a><\/td><td class=\"has-text-align-left\" data-align=\"left\"><strong>BMBF-FZ:&nbsp;17104X10<\/strong><br><em>Framework zur Entwicklung von Echtzeit-Applikationen f\u00fcr Autonome Mobile Robotersysteme<\/em><br>2010 &#8211; 2014<br>Leitung: Prof. Dr. Martina Lehser<\/td><\/tr><\/tbody><\/table><\/figure>\n\n\n\n<p><\/p>\n","protected":false},"excerpt":{"rendered":"<p>BMBF-FZ: 13FH630KX1ResCom: Ressourcensensitive Kommunikation f\u00fcr multimodale Mensch-Maschine-Schnittstellen&nbsp;in Industrie-4.0-Szenarien2023 &#8211; 2027Leitung: Prof. Dr. Steffen Knapp FZ: MESaar2022Testfeld Digitalisierung @ htw saar: Modellfabrik f\u00fcr Lehre, Forschung und Entwicklung am Beispiel des Lebenszyklusvon Batterien in Elektro-Fahrzeugen2022 &#8211; 2027Projektverantwortliche: Prof. Dr. Martina Lehser, Prof.<\/p>\n","protected":false},"author":12,"featured_media":0,"parent":501,"menu_order":0,"comment_status":"closed","ping_status":"closed","template":"","meta":{"footnotes":""},"class_list":["post-332","page","type-page","status-publish","hentry"],"_links":{"self":[{"href":"https:\/\/emrolab.htwsaar.de\/index.php\/wp-json\/wp\/v2\/pages\/332","targetHints":{"allow":["GET"]}}],"collection":[{"href":"https:\/\/emrolab.htwsaar.de\/index.php\/wp-json\/wp\/v2\/pages"}],"about":[{"href":"https:\/\/emrolab.htwsaar.de\/index.php\/wp-json\/wp\/v2\/types\/page"}],"author":[{"embeddable":true,"href":"https:\/\/emrolab.htwsaar.de\/index.php\/wp-json\/wp\/v2\/users\/12"}],"replies":[{"embeddable":true,"href":"https:\/\/emrolab.htwsaar.de\/index.php\/wp-json\/wp\/v2\/comments?post=332"}],"version-history":[{"count":55,"href":"https:\/\/emrolab.htwsaar.de\/index.php\/wp-json\/wp\/v2\/pages\/332\/revisions"}],"predecessor-version":[{"id":2775,"href":"https:\/\/emrolab.htwsaar.de\/index.php\/wp-json\/wp\/v2\/pages\/332\/revisions\/2775"}],"up":[{"embeddable":true,"href":"https:\/\/emrolab.htwsaar.de\/index.php\/wp-json\/wp\/v2\/pages\/501"}],"wp:attachment":[{"href":"https:\/\/emrolab.htwsaar.de\/index.php\/wp-json\/wp\/v2\/media?parent=332"}],"curies":[{"name":"wp","href":"https:\/\/api.w.org\/{rel}","templated":true}]}}