{"id":51,"date":"2016-08-23T22:42:53","date_gmt":"2016-08-23T20:42:53","guid":{"rendered":"http:\/\/emrolab.htw-saarland.de\/?page_id=51"},"modified":"2023-05-24T13:24:02","modified_gmt":"2023-05-24T11:24:02","slug":"pilotschulprojekt","status":"publish","type":"page","link":"https:\/\/emrolab.htwsaar.de\/index.php\/mint-projekte\/pilotschulprojekt\/","title":{"rendered":"Pilotschulprojekt"},"content":{"rendered":"<p style=\"text-align: justify;\">Seit 2009 macht das Embedded Robotics Lab wortw\u00f6rtlich Schule: das Pilotschulprojekt, das durch das saarl\u00e4ndische Bildungsministerium, den Verband der Metall- und Elektroindustrie des Saarlandes (ME Saar) und VDI Saar gef\u00f6rdert wird, erm\u00f6glicht den Robotik-Unterricht an saarl\u00e4ndischen Schulen. Seit dem Startschuss im Jahr 2009 ist die Anzahl der Pilotschulen von zehn auf rund 50 gewachsen.<\/p>\n<p style=\"text-align: justify;\">Pilotschule zu werden, ist gar nicht schwer. Was es braucht, sind engagierte Lehrkr\u00e4fte und ein ausgef\u00fclltes Bewerbungsformular w\u00e4hrend der Bewerbungsphase.<\/p>\n<p style=\"text-align: justify;\">Anschlie\u00dfend stehen wir Ihnen beim Aufbau einer Robotik-AG an Ihrer Schule unterst\u00fctzend zur Seite: in entsprechenden\u00a0Schulungen\u00a0machen wir die Lehrkr\u00e4fte mit den Inhalten der Kurse vertraut und bereiten sie darauf vor, diese Inhalte an ihre Sch\u00fclerinnen und Sch\u00fcler weiterzugeben. Dabei geben wir Anregungen f\u00fcr die Auswahl geeigneter Themen zur Ansprache unterschiedlicher Interessen von M\u00e4dchen und Jungen. Das entsprechende Kursmaterial wird ebenfalls von uns bereitgestellt. Dank der Unterst\u00fctzung durch das Bildungsministerium erhielt bereits ein Gro\u00dfteil der Pilotschulen eine Grundausstattung in Form von LEGO\u00ae Mindstorms\u00ae-Bauk\u00e4sten. Dar\u00fcber hinaus erm\u00f6glicht die\u00a0Robotic LEGO\u00ae Engineering Conference, die wir in regelm\u00e4\u00dfigen Abst\u00e4nden veranstalten, die kontinuierliche Weiterbildung der Lehrkr\u00e4fte.<\/p>\n<p><iframe loading=\"lazy\" src=\"https:\/\/www.google.com\/maps\/d\/embed?mid=1rKvrzNPmcr8UZwt4h1aYoQcutms\" width=\"640\" height=\"480\"><\/iframe><\/p>\n<p><em><span style=\"color: #808080;\">LEGO\u00ae und MINDSTORMS\u00ae sind eingetragene Markenzeichen der Firma The LEGO Group.<\/span><\/em><\/p>\n<p><em><span style=\"color: #808080;\">Icons made by <a title=\"Freepik\" href=\"https:\/\/www.freepik.com\">Freepik<\/a> from <a title=\"Flaticon\" href=\"https:\/\/www.flaticon.com\">www.flaticon.com<\/a> is licensed by <\/span><\/em><a title=\"Creative Commons BY 3.0\" href=\"https:\/\/creativecommons.org\/licenses\/by\/3.0\/\" target=\"_blank\" rel=\"noopener noreferrer\"><em><span style=\"color: #808080;\">CC 3.0 BY<\/span><\/em><\/a><\/p>\n","protected":false},"excerpt":{"rendered":"<p>Seit 2009 macht das Embedded Robotics Lab wortw\u00f6rtlich Schule: das Pilotschulprojekt, das durch das saarl\u00e4ndische Bildungsministerium, den Verband der Metall- und Elektroindustrie des Saarlandes (ME Saar) und VDI Saar gef\u00f6rdert wird, erm\u00f6glicht den Robotik-Unterricht an saarl\u00e4ndischen Schulen. Seit dem Startschuss<\/p>\n","protected":false},"author":10,"featured_media":52,"parent":27,"menu_order":0,"comment_status":"closed","ping_status":"closed","template":"","meta":{"footnotes":""},"class_list":["post-51","page","type-page","status-publish","has-post-thumbnail","hentry"],"_links":{"self":[{"href":"https:\/\/emrolab.htwsaar.de\/index.php\/wp-json\/wp\/v2\/pages\/51","targetHints":{"allow":["GET"]}}],"collection":[{"href":"https:\/\/emrolab.htwsaar.de\/index.php\/wp-json\/wp\/v2\/pages"}],"about":[{"href":"https:\/\/emrolab.htwsaar.de\/index.php\/wp-json\/wp\/v2\/types\/page"}],"author":[{"embeddable":true,"href":"https:\/\/emrolab.htwsaar.de\/index.php\/wp-json\/wp\/v2\/users\/10"}],"replies":[{"embeddable":true,"href":"https:\/\/emrolab.htwsaar.de\/index.php\/wp-json\/wp\/v2\/comments?post=51"}],"version-history":[{"count":10,"href":"https:\/\/emrolab.htwsaar.de\/index.php\/wp-json\/wp\/v2\/pages\/51\/revisions"}],"predecessor-version":[{"id":2402,"href":"https:\/\/emrolab.htwsaar.de\/index.php\/wp-json\/wp\/v2\/pages\/51\/revisions\/2402"}],"up":[{"embeddable":true,"href":"https:\/\/emrolab.htwsaar.de\/index.php\/wp-json\/wp\/v2\/pages\/27"}],"wp:featuredmedia":[{"embeddable":true,"href":"https:\/\/emrolab.htwsaar.de\/index.php\/wp-json\/wp\/v2\/media\/52"}],"wp:attachment":[{"href":"https:\/\/emrolab.htwsaar.de\/index.php\/wp-json\/wp\/v2\/media?parent=51"}],"curies":[{"name":"wp","href":"https:\/\/api.w.org\/{rel}","templated":true}]}}