{"id":68,"date":"2016-08-24T00:04:56","date_gmt":"2016-08-23T22:04:56","guid":{"rendered":"http:\/\/emrolab.htw-saarland.de\/?page_id=68"},"modified":"2026-04-09T13:53:19","modified_gmt":"2026-04-09T11:53:19","slug":"embedded-robotics-lab","status":"publish","type":"page","link":"https:\/\/emrolab.htwsaar.de\/index.php\/embedded-robotics-lab\/","title":{"rendered":"Embedded Robotics Lab"},"content":{"rendered":"<p style=\"text-align: justify;\">Das Embedded Robotics Labor (EmRoLab) an der Hochschule f\u00fcr Technik und Wirtschaft des Saarlandes ist Teil der Fakult\u00e4t f\u00fcr Ingenieurwissenschaften und versteht sich als praxisnahe Erg\u00e4nzung zur akademischen Ausbildung in den Studieng\u00e4ngen Informatik und Mechatronik. Ziel ist es, Studierende gezielt bei der Vertiefung ihrer Studieninhalte zu unterst\u00fctzen und ihnen die M\u00f6glichkeit zu bieten, projekt- und praxisorientierte Erfahrungen im Bereich der Robotik zu sammeln.<\/p>\n<p style=\"text-align: justify;\">Durch den Fokus auf moderne Robotiksysteme er\u00f6ffnet das Labor vielf\u00e4ltige M\u00f6glichkeiten f\u00fcr studienbegleitende Projekte, Praktika und Abschlussarbeiten. Die umfangreiche Ausstattung mit unterschiedlichen Robotern, Embedded Systems, Transportsystemen und Kommunikationstechnologien schafft eine ideale Umgebung, um komplexe und praxisrelevante Aufgabenstellungen zu bearbeiten.<\/p>\n<p style=\"text-align: justify;\">Neben der Lehre bildet die anwendungsorientierte Forschung einen zentralen Bestandteil der Laborarbeit. \u00a0Inhaltliche Schwerpunkte liegen unter anderem in den Bereichen\u00a0Echtzeitsysteme,\u00a0Sensornetzwerke sowie Robotiksysteme.<\/p>\n<p style=\"text-align: justify;\">In enger Zusammenarbeit mit regionalen und \u00fcberregionalen Partnern aus Wissenschaft und Industrie entstehen innovative L\u00f6sungen und zukunftsweisende Technologien. Die erfolgreiche Umsetzung zahlreicher Projekte f\u00f6rdert dabei einen kontinuierlichen Wissens- und Technologietransfer und er\u00f6ffnet Studierenden sowie Absolventinnen und Absolventen attraktive Perspektiven f\u00fcr ihren weiteren beruflichen Werdegang.<\/p>\n","protected":false},"excerpt":{"rendered":"<p>Das Embedded Robotics Labor (EmRoLab) an der Hochschule f\u00fcr Technik und Wirtschaft des Saarlandes ist Teil der Fakult\u00e4t f\u00fcr Ingenieurwissenschaften und versteht sich als praxisnahe Erg\u00e4nzung zur akademischen Ausbildung in den Studieng\u00e4ngen Informatik und Mechatronik. Ziel ist es, Studierende gezielt<\/p>\n","protected":false},"author":10,"featured_media":0,"parent":0,"menu_order":0,"comment_status":"closed","ping_status":"closed","template":"","meta":{"footnotes":""},"class_list":["post-68","page","type-page","status-publish","hentry"],"_links":{"self":[{"href":"https:\/\/emrolab.htwsaar.de\/index.php\/wp-json\/wp\/v2\/pages\/68","targetHints":{"allow":["GET"]}}],"collection":[{"href":"https:\/\/emrolab.htwsaar.de\/index.php\/wp-json\/wp\/v2\/pages"}],"about":[{"href":"https:\/\/emrolab.htwsaar.de\/index.php\/wp-json\/wp\/v2\/types\/page"}],"author":[{"embeddable":true,"href":"https:\/\/emrolab.htwsaar.de\/index.php\/wp-json\/wp\/v2\/users\/10"}],"replies":[{"embeddable":true,"href":"https:\/\/emrolab.htwsaar.de\/index.php\/wp-json\/wp\/v2\/comments?post=68"}],"version-history":[{"count":12,"href":"https:\/\/emrolab.htwsaar.de\/index.php\/wp-json\/wp\/v2\/pages\/68\/revisions"}],"predecessor-version":[{"id":2873,"href":"https:\/\/emrolab.htwsaar.de\/index.php\/wp-json\/wp\/v2\/pages\/68\/revisions\/2873"}],"wp:attachment":[{"href":"https:\/\/emrolab.htwsaar.de\/index.php\/wp-json\/wp\/v2\/media?parent=68"}],"curies":[{"name":"wp","href":"https:\/\/api.w.org\/{rel}","templated":true}]}}