{"id":759,"date":"2019-02-02T19:28:00","date_gmt":"2019-02-02T18:28:00","guid":{"rendered":"https:\/\/emrolab.htwsaar.de\/?page_id=759"},"modified":"2026-03-19T13:11:30","modified_gmt":"2026-03-19T12:11:30","slug":"fancy-factory","status":"publish","type":"page","link":"https:\/\/emrolab.htwsaar.de\/index.php\/fancy-factory\/","title":{"rendered":"Testfeld Digitalisierung"},"content":{"rendered":"<h3>Testfeld Digitalisierung @ htw saar<\/h3>\n<p class=\"alignnone\"><img loading=\"lazy\" decoding=\"async\" class=\"alignnone wp-image-1104 size-full\" src=\"https:\/\/emrolab.htwsaar.de\/wp-content\/uploads\/2019\/02\/FancyFactory.jpg\" alt=\"\" width=\"1525\" height=\"699\" \/><\/p>\n<p>Das Testfeld Digitalisierung @ htw saar verfolgt das Ziel, die Ingenieurausbildung im Saarland nachhaltig und zukunftsorientiert weiterzuentwickeln. Vor dem Hintergrund technologischer Entwicklungen wie Industrie 4.0, Digitalisierung und k\u00fcnstlicher Intelligenz wandelt sich das klassische Berufsbild hin zu einem interdisziplin\u00e4r agierenden Ingenieur-Allrounder. Diese Ver\u00e4nderungen erfordern eine kontinuierliche Anpassung der Ausbildungsinhalte und -methoden.<\/p>\n<p>Das Testfeld bietet hierf\u00fcr eine innovative Plattform, auf der Forschung, Lehre und Industrie eng miteinander verkn\u00fcpft sind und auf Augenh\u00f6he zusammenarbeiten. In einer realit\u00e4tsnahen Modellfabrik werden sowohl akademische Lehrinhalte als auch betriebliche Weiterbildungsangebote in den Kontext moderner industrieller Produktionsprozesse eingebunden.<\/p>\n<p>Aktuelle inhaltliche Schwerpunkte liegen insbesondere im Einsatz kollaborativer Robotersysteme sowie in der Entwicklung selbstorganisierender Warenstr\u00f6me und intelligenter Transportl\u00f6sungen. Dadurch entsteht eine praxisnahe Lern- und Forschungsumgebung, die Studierende optimal auf die Anforderungen zuk\u00fcnftiger Arbeitswelten vorbereitet.<\/p>\n<h3 style=\"text-align: left;\">Kooperative Weiterentwicklung<\/h3>\n<p>Das Testfeld Digitalisierung wird in enger Zusammenarbeit zwischen Hochschule und Industrie kontinuierlich weiterentwickelt und an neue Anforderungen angepasst. Aktuelle Entwicklungen aus Forschung und industrieller Praxis flie\u00dfen dabei direkt in die Gestaltung ein. Dieser Prozess erfolgt im engen Austausch zwischen Lehrenden, Forschenden und Studierenden und gew\u00e4hrleistet sowohl die Aktualit\u00e4t als auch die langfristige Relevanz der Modellfabrik.<\/p>\n<p>Durch die unmittelbare R\u00fcckkopplung in die Lehre tr\u00e4gt das Testfeld ma\u00dfgeblich zur Weiterentwicklung der Ingenieurausbildung bei. Gleichzeitig besitzt es Vorbildcharakter f\u00fcr andere Hochschulen und Bildungseinrichtungen, insbesondere im Hinblick auf die erfolgreiche Einbindung von Unternehmen in die Konzeption und Umsetzung innovativer, interdisziplin\u00e4rer Aus- und Weiterbildungsformate.<\/p>\n<h3>Win-Win-Win<\/h3>\n<p>Die enge Verzahnung von Hochschullehre, Forschung und Industrie schafft eine nachhaltige Win-win-win-Situation f\u00fcr alle Beteiligten. Studierende profitieren von der M\u00f6glichkeit, in einer realit\u00e4tsnahen Umgebung eigenst\u00e4ndig Projekte umzusetzen und dabei wertvolle Praxiserfahrungen zu sammeln. Gleichzeitig er\u00f6ffnet die Zusammenarbeit mit Unternehmen bereits w\u00e4hrend des Studiums wichtige Perspektiven f\u00fcr den sp\u00e4teren Berufseinstieg.<\/p>\n<p>Unternehmen, insbesondere kleine und mittelst\u00e4ndische Betriebe ohne eigene Forschungsinfrastruktur, erhalten die Chance, innovative Ideen in einem risikoarmen Umfeld zu erproben und weiterzuentwickeln. Dar\u00fcber hinaus bietet die Modellfabrik durch ihre direkte Anbindung an die Hochschule ein modernes und leistungsf\u00e4higes Umfeld f\u00fcr die gezielte Weiterqualifizierung von Mitarbeiterinnen und Mitarbeitern.<\/p>\n<p>Auch die Hochschule selbst profitiert von diesem Ansatz: Die gewonnenen Erkenntnisse flie\u00dfen unmittelbar in die Weiterentwicklung der ingenieurwissenschaftlichen Studieng\u00e4nge ein. Zudem entstehen durch die enge Kooperation mit der Industrie wertvolle Partnerschaften, die neue Impulse f\u00fcr zuk\u00fcnftige Forschungs- und Entwicklungsprojekte liefern.<\/p>\n<table style=\"width: 100%; border-style: hidden;\" border=\"0\" cellspacing=\"0\" cellpadding=\"0\">\n<tbody>\n<tr>\n<td style=\"width: 33.333333333333336%; border-style: hidden;\">\u00a0<\/td>\n<td style=\"width: 33.333333333333336%; border-style: hidden;\">\u00a0<\/td>\n<td style=\"width: 33.333333333333336%; border-style: hidden;\">\u00a0<\/td>\n<\/tr>\n<\/tbody>\n<\/table>\n\n\n<p><\/p>\n","protected":false},"excerpt":{"rendered":"<p>Testfeld Digitalisierung @ htw saar Das Testfeld Digitalisierung @ htw saar verfolgt das Ziel, die Ingenieurausbildung im Saarland nachhaltig und zukunftsorientiert weiterzuentwickeln. Vor dem Hintergrund technologischer Entwicklungen wie Industrie 4.0, Digitalisierung und k\u00fcnstlicher Intelligenz wandelt sich das klassische Berufsbild hin<\/p>\n","protected":false},"author":20,"featured_media":0,"parent":0,"menu_order":0,"comment_status":"closed","ping_status":"closed","template":"","meta":{"footnotes":""},"class_list":["post-759","page","type-page","status-publish","hentry"],"_links":{"self":[{"href":"https:\/\/emrolab.htwsaar.de\/index.php\/wp-json\/wp\/v2\/pages\/759","targetHints":{"allow":["GET"]}}],"collection":[{"href":"https:\/\/emrolab.htwsaar.de\/index.php\/wp-json\/wp\/v2\/pages"}],"about":[{"href":"https:\/\/emrolab.htwsaar.de\/index.php\/wp-json\/wp\/v2\/types\/page"}],"author":[{"embeddable":true,"href":"https:\/\/emrolab.htwsaar.de\/index.php\/wp-json\/wp\/v2\/users\/20"}],"replies":[{"embeddable":true,"href":"https:\/\/emrolab.htwsaar.de\/index.php\/wp-json\/wp\/v2\/comments?post=759"}],"version-history":[{"count":106,"href":"https:\/\/emrolab.htwsaar.de\/index.php\/wp-json\/wp\/v2\/pages\/759\/revisions"}],"predecessor-version":[{"id":2862,"href":"https:\/\/emrolab.htwsaar.de\/index.php\/wp-json\/wp\/v2\/pages\/759\/revisions\/2862"}],"wp:attachment":[{"href":"https:\/\/emrolab.htwsaar.de\/index.php\/wp-json\/wp\/v2\/media?parent=759"}],"curies":[{"name":"wp","href":"https:\/\/api.w.org\/{rel}","templated":true}]}}