{"id":779,"date":"2019-02-03T12:53:02","date_gmt":"2019-02-03T11:53:02","guid":{"rendered":"https:\/\/emrolab.htwsaar.de\/?page_id=779"},"modified":"2026-04-09T13:55:10","modified_gmt":"2026-04-09T11:55:10","slug":"lehre","status":"publish","type":"page","link":"https:\/\/emrolab.htwsaar.de\/index.php\/fancy-factory\/lehre\/","title":{"rendered":"Testfeld Digitalisierung in der Hochschullehre"},"content":{"rendered":"\n<p>Im Testfeld Digitalisierung erwerben Studierende anhand praxisnaher Aufgabenstellungen mit direktem Bezug zu industriellen Anwendungen fundiertes, anwendungsorientiertes Wissen. Im Rahmen interdisziplin\u00e4rer Projekt- und Abschlussarbeiten bearbeiten sie eigenst\u00e4ndig Projekte wie beispielsweise die Entwicklung von Erweiterungsmodulen f\u00fcr die modulare Produktionsanlage und erarbeiten Strategien zur Integration neuer Technologien.<\/p>\n\n\n\n<p>Auf diese Weise werden nicht nur technische Kompetenzen vertieft, sondern auch F\u00e4higkeiten in den Bereichen Systemintegration, Probleml\u00f6sung und interdisziplin\u00e4re Zusammenarbeit gest\u00e4rkt \u2013 zentrale Qualifikationen f\u00fcr die Anforderungen moderner Ingenieurberufe.<\/p>\n\n\n\n<figure class=\"wp-block-video\"><video height=\"720\" style=\"aspect-ratio: 1280 \/ 720;\" width=\"1280\" controls poster=\"https:\/\/emrolab.htwsaar.de\/wp-content\/uploads\/2019\/02\/cover.jpg\" src=\"https:\/\/emrolab.htwsaar.de\/wp-content\/uploads\/2019\/02\/FancyFactory_Lehre.mp4\"><\/video><\/figure>\n\n\n\n<br><br>\n\n\n\n<figure class=\"wp-block-table\"><table class=\"has-fixed-layout\"><tbody><tr><td><strong>Studiengang<\/strong><\/td><td>Kommunikationsinformatik (Bachelor)<\/td><\/tr><tr><td><strong>Modulbezeichnung<\/strong><\/td><td>Praxisphase (KIB-PRA)<\/td><\/tr><\/tbody><\/table><\/figure>\n\n\n\n<figure class=\"wp-block-table\"><table class=\"has-fixed-layout\"><tbody><tr><td><strong>Studiengang<\/strong><\/td><td>Praktische Informatik (Master)<\/td><\/tr><tr><td><strong>Modulbezeichnung<\/strong><\/td><td>Projektarbeit (PIM-PA)<\/td><\/tr><\/tbody><\/table><\/figure>\n\n\n\n<figure class=\"wp-block-table\"><table class=\"has-fixed-layout\"><tbody><tr><td><strong>Studiengang<\/strong><\/td><td>Praktische Informatik (Bachelor)<\/td><\/tr><tr><td><strong>Modulbezeichnung<\/strong><\/td><td>Projektarbeit (PIB-PA)<\/td><\/tr><\/tbody><\/table><\/figure>\n\n\n\n<figure class=\"wp-block-table\"><table class=\"has-fixed-layout\"><tbody><tr><td><strong>Studiengang<\/strong><\/td><td>Mechatronik &amp; Sensortechnik (Bachelor)<\/td><\/tr><tr><td><strong>Modulbezeichnung<\/strong><\/td><td>Sensortechnisches Projekt (MST.SPR)<\/td><\/tr><\/tbody><\/table><\/figure>\n\n\n\n<p><\/p>\n\n\n\n<figure class=\"wp-block-table\"><table class=\"has-fixed-layout\"><tbody><tr><td><strong>Studiengang<\/strong><\/td><td>Informatik Studieng\u00e4nge<\/td><\/tr><tr><td><strong>Modulbezeichnung<\/strong><\/td><td>Bachelor\/Master-Thesis<\/td><\/tr><\/tbody><\/table><\/figure>\n\n\n\n<p><\/p>\n\n\n\n<figure class=\"wp-block-table\"><table class=\"has-fixed-layout\"><tbody><tr><td><strong>Studiengang<\/strong><\/td><td>Mechatronik &amp; Sensortechnik<\/td><\/tr><tr><td><strong>Modulbezeichnung<\/strong><\/td><td>Bachelor\/Master-Thesis<\/td><\/tr><\/tbody><\/table><\/figure>\n\n\n\n<p><\/p>\n","protected":false},"excerpt":{"rendered":"<p>Im Testfeld Digitalisierung erwerben Studierende anhand praxisnaher Aufgabenstellungen mit direktem Bezug zu industriellen Anwendungen fundiertes, anwendungsorientiertes Wissen. Im Rahmen interdisziplin\u00e4rer Projekt- und Abschlussarbeiten bearbeiten sie eigenst\u00e4ndig Projekte wie beispielsweise die Entwicklung von Erweiterungsmodulen f\u00fcr die modulare Produktionsanlage und erarbeiten Strategien<\/p>\n","protected":false},"author":20,"featured_media":0,"parent":759,"menu_order":0,"comment_status":"closed","ping_status":"closed","template":"","meta":{"footnotes":""},"class_list":["post-779","page","type-page","status-publish","hentry"],"_links":{"self":[{"href":"https:\/\/emrolab.htwsaar.de\/index.php\/wp-json\/wp\/v2\/pages\/779","targetHints":{"allow":["GET"]}}],"collection":[{"href":"https:\/\/emrolab.htwsaar.de\/index.php\/wp-json\/wp\/v2\/pages"}],"about":[{"href":"https:\/\/emrolab.htwsaar.de\/index.php\/wp-json\/wp\/v2\/types\/page"}],"author":[{"embeddable":true,"href":"https:\/\/emrolab.htwsaar.de\/index.php\/wp-json\/wp\/v2\/users\/20"}],"replies":[{"embeddable":true,"href":"https:\/\/emrolab.htwsaar.de\/index.php\/wp-json\/wp\/v2\/comments?post=779"}],"version-history":[{"count":74,"href":"https:\/\/emrolab.htwsaar.de\/index.php\/wp-json\/wp\/v2\/pages\/779\/revisions"}],"predecessor-version":[{"id":2874,"href":"https:\/\/emrolab.htwsaar.de\/index.php\/wp-json\/wp\/v2\/pages\/779\/revisions\/2874"}],"up":[{"embeddable":true,"href":"https:\/\/emrolab.htwsaar.de\/index.php\/wp-json\/wp\/v2\/pages\/759"}],"wp:attachment":[{"href":"https:\/\/emrolab.htwsaar.de\/index.php\/wp-json\/wp\/v2\/media?parent=779"}],"curies":[{"name":"wp","href":"https:\/\/api.w.org\/{rel}","templated":true}]}}