{"id":781,"date":"2019-02-03T12:52:39","date_gmt":"2019-02-03T11:52:39","guid":{"rendered":"https:\/\/emrolab.htwsaar.de\/?page_id=781"},"modified":"2026-03-19T13:16:00","modified_gmt":"2026-03-19T12:16:00","slug":"weiterbildung","status":"publish","type":"page","link":"https:\/\/emrolab.htwsaar.de\/index.php\/fancy-factory\/weiterbildung\/","title":{"rendered":"Weiterbildung &#038; Wissenstransfer"},"content":{"rendered":"\n<p>Durch gezielten Wissens- und Technologietransfer im Rahmen betrieblicher Weiterbildungsangebote k\u00f6nnen Forschungs- und Entwicklungsergebnisse schnell und effektiv in die industrielle Praxis \u00fcberf\u00fchrt werden. Das Testfeld Digitalisierung @ htw saar stellt hierf\u00fcr eine geeignete Plattform bereit, um aktuelle Erkenntnisse zielgerichtet an Fachkr\u00e4fte aus der Industrie zu vermitteln und so die Innovations- und Wettbewerbsf\u00e4higkeit von Unternehmen \u2013 insbesondere regionaler kleiner und mittelst\u00e4ndischer Betriebe \u2013 nachhaltig zu st\u00e4rken.<\/p>\n\n\n\n<p>Ein zentraler Bestandteil ist dabei der direkte Austausch zwischen Wissenschaftlerinnen und Wissenschaftlern, Studierenden sowie Teilnehmenden aus der Industrie. Dieser dialogorientierte Ansatz erm\u00f6glicht einen praxisnahen Wissenstransfer \u201e\u00fcber K\u00f6pfe\u201c und f\u00f6rdert den gegenseitigen Erkenntnisgewinn.<\/p>\n\n\n\n<p>Dank der hohen Flexibilit\u00e4t des Testfeldes k\u00f6nnen Weiterbildungsprogramme individuell gestaltet und an spezifische Anforderungen angepasst werden. Insbesondere praxisorientierte \u201eHands-on\u201c-Formate tragen dazu bei, die Lernerfahrung nachhaltig zu vertiefen. Inhaltlich orientieren sich die Weiterbildungsangebote eng an den aktuellen Forschungs- und Entwicklungsarbeiten im Testfeld sowie an deren praktischer Umsetzung.<\/p>\n","protected":false},"excerpt":{"rendered":"<p>Durch gezielten Wissens- und Technologietransfer im Rahmen betrieblicher Weiterbildungsangebote k\u00f6nnen Forschungs- und Entwicklungsergebnisse schnell und effektiv in die industrielle Praxis \u00fcberf\u00fchrt werden. Das Testfeld Digitalisierung @ htw saar stellt hierf\u00fcr eine geeignete Plattform bereit, um aktuelle Erkenntnisse zielgerichtet an Fachkr\u00e4fte<\/p>\n","protected":false},"author":20,"featured_media":0,"parent":759,"menu_order":0,"comment_status":"closed","ping_status":"closed","template":"","meta":{"footnotes":""},"class_list":["post-781","page","type-page","status-publish","hentry"],"_links":{"self":[{"href":"https:\/\/emrolab.htwsaar.de\/index.php\/wp-json\/wp\/v2\/pages\/781","targetHints":{"allow":["GET"]}}],"collection":[{"href":"https:\/\/emrolab.htwsaar.de\/index.php\/wp-json\/wp\/v2\/pages"}],"about":[{"href":"https:\/\/emrolab.htwsaar.de\/index.php\/wp-json\/wp\/v2\/types\/page"}],"author":[{"embeddable":true,"href":"https:\/\/emrolab.htwsaar.de\/index.php\/wp-json\/wp\/v2\/users\/20"}],"replies":[{"embeddable":true,"href":"https:\/\/emrolab.htwsaar.de\/index.php\/wp-json\/wp\/v2\/comments?post=781"}],"version-history":[{"count":22,"href":"https:\/\/emrolab.htwsaar.de\/index.php\/wp-json\/wp\/v2\/pages\/781\/revisions"}],"predecessor-version":[{"id":2868,"href":"https:\/\/emrolab.htwsaar.de\/index.php\/wp-json\/wp\/v2\/pages\/781\/revisions\/2868"}],"up":[{"embeddable":true,"href":"https:\/\/emrolab.htwsaar.de\/index.php\/wp-json\/wp\/v2\/pages\/759"}],"wp:attachment":[{"href":"https:\/\/emrolab.htwsaar.de\/index.php\/wp-json\/wp\/v2\/media?parent=781"}],"curies":[{"name":"wp","href":"https:\/\/api.w.org\/{rel}","templated":true}]}}